{"id":6874,"date":"2026-03-24T17:42:42","date_gmt":"2026-03-24T17:42:42","guid":{"rendered":"https:\/\/starsvarieties.com\/jv\/product\/portable-charger\/"},"modified":"2026-03-24T17:42:50","modified_gmt":"2026-03-24T17:42:50","slug":"portable-charger","status":"publish","type":"product","link":"https:\/\/starsvarieties.com\/jv\/product\/portable-charger\/","title":{"rendered":"Portable Charger"},"content":{"rendered":"<p> <b>Note\uff1a<\/b> <br \/> Non-Apple branded products,Compatible with iPhone models <\/p>\n<p>  <span>Input voltage of circular magnetic suction head :5VDC<\/span>\n  <\/p>\n<p>   <span>Input current of circular magnetic suction head: 1.2a<\/span> <\/p>\n<p>    <span>Output range:<\/span> <\/p>\n<p>     <span>Type-c\/apple\/android output voltage :4.75-5.25VDC<\/span> <\/p>\n<p>      <span>Type-c\/apple\/android output current: 1.2a<\/span> <\/p>\n<p>       <span>DM: 1.9 to 2.1 V<\/span> <\/p>\n<p>        <span>DP: 2.5 to 2.70 V<\/span> <\/p>\n<p>         <span>No-load standby current :\u2264200uA<\/span> <\/p>\n<p>          <span>Product output power: 6.0w<\/span> <\/p>\n<p>           <span>Average efficiency &gt;70%<\/span> <\/p>\n<p>            <span>Type-c output ripple \u2264250mV p-p<\/span> <\/p>\n<p>             <span>Shell surface temperature (output maximum power, 6.0w, ambient temperature: 25\u2103, shell temperature \u226450\u2103)<\/span> <\/p>\n<p>              <span>Battery capacity: 18650 battery: 3.7V\/2600mA<\/span> <\/p>\n<p>                LED light \uff1acolor blue (4 LED lights) <\/p>\n<p> <img decoding=\"async\" alt=\"7109\u78c1\u5438\u5145\u7535\u5b9d_01\" src=\"https:\/\/cf.cjdropshipping.com\/17092512\/2403010549100321100.jpg\"> <\/p>\n<\/p>\n<p> <img decoding=\"async\" alt=\"7109\u78c1\u5438\u5145\u7535\u5b9d_09\" src=\"https:\/\/cf.cjdropshipping.com\/17092512\/2403010549100321700.jpg\"> <img decoding=\"async\" alt=\"7109\u78c1\u5438\u5145\u7535\u5b9d_11\" src=\"https:\/\/cf.cjdropshipping.com\/17092512\/2403010549100322100.jpg\"> <a href=\"https:\/\/fr.aliexpress.com\/store\/top-rated-products\/2957172.html\" style=\"font-size: 14px\">Voir plus&nbsp;\u200e<\/a> <\/p>\n<div>\n <a href=\"https:\/\/fr.aliexpress.com\/store\/top-rated-products\/2957172.html\"> <\/p>\n<p>   <\/a>\n<\/div>\n<div id=\"product-detail\">\n<div>\n<div>\n<div>\n<ul>\n<li>\n<div>\n        PR\u00c9SENTATION\n      <\/div>\n<\/li>\n<li>\n<div>\n        AVIS&nbsp;&nbsp;(1)\u200e\n      <\/div>\n<\/li>\n<li>\n<div>\n        D\u00c9TAILS\n      <\/div>\n<\/li>\n<\/ul><\/div>\n<div>\n<div>\n<div>\n<div id=\"product-description\">\n<div>\n<div>\n<div><\/div>\n<div>\n           FFEATURE:\n         <\/div>\n<div><\/div>\n<div>\n           * Fonction Simple et intelligente.\n         <\/div>\n<div><\/div>\n<div>\n           * Le powerbank charg\u00e9 par c\u00e2ble magn\u00e9tique et t\u00e9l\u00e9phone portable peut \u00e9galement \u00eatre charg\u00e9 directement.\n         <\/div>\n<div>\n           Le powerbank et le t\u00e9l\u00e9phone portable peuvent \u00eatre charg\u00e9s directement par c\u00e2ble magn\u00e9tique.\n         <\/div>\n<div><\/div>\n<div>\n           * Le voyant indicateur LED 1-4 indique la capacit\u00e9 de charge du powerbank.\n         <\/div>\n<div><\/div>\n<div>\n           * Lorsque la puissance est faible et que le syst\u00e8me de charge d\u00e9marre automatiquement. Please chargeur intime.\n         <\/div>\n<div>\n           Ne pas utiliser ce produit pendant une longue p\u00e9riode, veuillez charger au moins une fois par mois pour maintenir l&#8217;autonomie de la batterie.\n         <\/div>\n<div><\/div>\n<div><\/div>\n<div><\/div>\n<table width=\"511\">\n<colgroup>\n<col>\n<col>\n          <\/colgroup>\n<tbody>\n<tr>\n<td colspan=\"2\" height=\"19\">SPECIFICATIONS:<\/td>\n<\/tr>\n<tr>\n<td height=\"19\">Portable mini batterie externe<\/td>\n<td height=\"19\">Taille: 77.3*23.4*38.6mm<\/td>\n<\/tr>\n<tr>\n<td height=\"19\">Capacit\u00e9: 2600 mAh 3.7 V 9.62Wh<\/td>\n<td height=\"19\">Couleurs: noir\/blanc<\/td>\n<\/tr>\n<tr>\n<td height=\"19\">Entr\u00e9e: 5 V\/1.2A (MAX)<\/td>\n<td height=\"19\">Mat\u00e9riel: ABS + PC<\/td>\n<\/tr>\n<tr>\n<td height=\"19\">Sortie: 5 V\/1.2A (max)<\/td>\n<td height=\"19\">Temp\u00e9rature de travail: 0-45 \u2103<\/td>\n<\/tr>\n<tr>\n<td height=\"19\">Batterie: 18650 batterie au lithium<\/td>\n<td height=\"19\">Temps de charge: environ 2.5 heures<\/td>\n<\/tr>\n<\/tbody>\n<\/table>\n<p> <img decoding=\"async\" alt=\"7109\u78c1\u5438\u5145\u7535\u5b9d_01\" src=\"https:\/\/cf.cjdropshipping.com\/17092512\/2403010549100321100.jpg\"> <\/p>\n<p> <img decoding=\"async\" alt=\"7109\u78c1\u5438\u5145\u7535\u5b9d_09\" src=\"https:\/\/cf.cjdropshipping.com\/17092512\/2403010549100321700.jpg\"> <img decoding=\"async\" alt=\"7109\u78c1\u5438\u5145\u7535\u5b9d_11\" src=\"https:\/\/cf.cjdropshipping.com\/17092512\/2403010549100322100.jpg\"> <img decoding=\"async\" alt=\"7109\u78c1\u5438\u5145\u7535\u5b9d_14\" src=\"https:\/\/cf.cjdropshipping.com\/17092512\/2403010549100322700.jpg\"> <\/p>\n<p> <img decoding=\"async\" alt=\"7109\u78c1\u5438\u5145\u7535\u5b9d_04\" src=\"https:\/\/cf.cjdropshipping.com\/17092512\/2403010549100323000.jpg\"> <img decoding=\"async\" alt=\"7109\u78c1\u5438\u5145\u7535\u5b9d_06\" src=\"https:\/\/cf.cjdropshipping.com\/17092512\/2403010549100323300.jpg\"> <img decoding=\"async\" alt=\"7109\u78c1\u5438\u5145\u7535\u5b9d_07\" src=\"https:\/\/cf.cjdropshipping.com\/17092512\/2403010549100323700.jpg\"> <img decoding=\"async\" alt=\"7109\u78c1\u5438\u5145\u7535\u5b9d_03\" src=\"https:\/\/cf.cjdropshipping.com\/17092512\/2403010549100324100.jpg\"> 8 <\/p>\n<\/p><\/div>\n<\/p><\/div>\n<\/p><\/div>\n<\/p><\/div>\n<\/p><\/div>\n<\/p><\/div>\n<\/p><\/div>\n<\/p><\/div>\n<\/div>\n","protected":false},"excerpt":{"rendered":"<p>Note\uff1a Non-Apple branded products,Compatible with iPhone models Input voltage of circular magnetic suction head :5VDC Input current of circular magnetic suction head: 1.2a Output range: Type-c\/apple\/android output voltage :4.75-5.25VDC Type-c\/apple\/android output current: 1.2a DM: 1.9 to 2.1 V DP: 2.5 to 2.70 V No-load standby current :\u2264200uA Product output power: 6.0w Average efficiency &gt;70% Type-c &hellip;<\/p>\n<p class=\"read-more\"> <a class=\" thunk-readmore button \" href=\"https:\/\/starsvarieties.com\/jv\/product\/portable-charger\/\"> <span class=\"screen-reader-text\">Portable Charger<\/span>Read More<\/a><\/p>\n","protected":false},"featured_media":6867,"comment_status":"open","ping_status":"closed","template":"","meta":{"advanced_seo_description":"","jetpack_seo_html_title":"","jetpack_seo_noindex":false,"jetpack_post_was_ever_published":false,"jetpack_publicize_message":"","jetpack_publicize_feature_enabled":true,"jetpack_social_post_already_shared":true,"jetpack_social_options":{"image_generator_settings":{"template":"highway","default_image_id":0,"font":"","enabled":false},"version":2}},"product_brand":[],"product_cat":[87],"product_tag":[],"class_list":{"0":"post-6874","1":"product","2":"type-product","3":"status-publish","4":"has-post-thumbnail","6":"product_cat-electronics","7":"thunk-woo-product-list","8":"opn-qv-enable","9":"top-store-woo-hover-zoom","10":"top-store-single-product-tab-horizontal","11":"top-store-shadow-","12":"top-store-shadow-hover-","14":"first","15":"instock","16":"taxable","17":"shipping-taxable","18":"purchasable","19":"product-type-variable"},"jetpack_publicize_connections":[],"jetpack_sharing_enabled":true,"jetpack_likes_enabled":true,"_links":{"self":[{"href":"https:\/\/starsvarieties.com\/jv\/wp-json\/wp\/v2\/product\/6874","targetHints":{"allow":["GET"]}}],"collection":[{"href":"https:\/\/starsvarieties.com\/jv\/wp-json\/wp\/v2\/product"}],"about":[{"href":"https:\/\/starsvarieties.com\/jv\/wp-json\/wp\/v2\/types\/product"}],"replies":[{"embeddable":true,"href":"https:\/\/starsvarieties.com\/jv\/wp-json\/wp\/v2\/comments?post=6874"}],"wp:featuredmedia":[{"embeddable":true,"href":"https:\/\/starsvarieties.com\/jv\/wp-json\/wp\/v2\/media\/6867"}],"wp:attachment":[{"href":"https:\/\/starsvarieties.com\/jv\/wp-json\/wp\/v2\/media?parent=6874"}],"wp:term":[{"taxonomy":"product_brand","embeddable":true,"href":"https:\/\/starsvarieties.com\/jv\/wp-json\/wp\/v2\/product_brand?post=6874"},{"taxonomy":"product_cat","embeddable":true,"href":"https:\/\/starsvarieties.com\/jv\/wp-json\/wp\/v2\/product_cat?post=6874"},{"taxonomy":"product_tag","embeddable":true,"href":"https:\/\/starsvarieties.com\/jv\/wp-json\/wp\/v2\/product_tag?post=6874"}],"curies":[{"name":"wp","href":"https:\/\/api.w.org\/{rel}","templated":true}]}}