{"id":10425,"date":"2026-03-25T19:15:25","date_gmt":"2026-03-25T19:15:25","guid":{"rendered":"https:\/\/starsvarieties.com\/jv\/product\/63w-large-kitchen-hutch-cabinet-freestanding-pantry-cabinets-storage-kitchen-cupboard-with-4-doors-4-drawers-microwave-shelf-white\/"},"modified":"2026-03-25T19:15:28","modified_gmt":"2026-03-25T19:15:28","slug":"63w-large-kitchen-hutch-cabinet-freestanding-pantry-cabinets-storage-kitchen-cupboard-with-4-doors-4-drawers-microwave-shelf-white","status":"publish","type":"product","link":"https:\/\/starsvarieties.com\/jv\/product\/63w-large-kitchen-hutch-cabinet-freestanding-pantry-cabinets-storage-kitchen-cupboard-with-4-doors-4-drawers-microwave-shelf-white\/","title":{"rendered":"63W Large Kitchen Hutch Cabinet, Freestanding Pantry Cabinets Storage Kitchen Cupboard With 4 Doors, 4 Drawers &amp; Microwave Shelf, White"},"content":{"rendered":"<p>Specification<\/p>\n<p>Product Information<\/p>\n<p>Item Code:W1778S00014<\/p>\n<p>Product Type:Combo Item<\/p>\n<p>Product Name:63&#8243; W Large Kitchen Hutch Cabinet, Freestanding Pantry Cabinets Storage Kitchen Cupboard with 4 Doors, 4 Drawers &amp; Microwave Shelf, White<\/p>\n<p>Main Color:White<\/p>\n<p>Main Material:Particle Board+MDF<\/p>\n<p>Product Dimensions<\/p>\n<p>Assembled Length (in.):62.99<\/p>\n<p>Assembled Width (in.):15.75<\/p>\n<p>Assembled Height (in.):74.80<\/p>\n<p>Weight (lbs.):178.57<\/p>\n<p>Package Size<\/p>\n<p>Sub-item 1: W1778140557Package Quantity: 145.67 * 23.62 * 7.09 in. 92.59 lbs.<\/p>\n<p>Sub-item 2: W1778140556Package Quantity: 167.72 * 19.29 * 6.3 in. 99.21 lbs.<\/p>\n<p>Product Features<\/p>\n<ul>\n<li>63&#8243; W Large Kitchen Hutch Cabinet, Freestanding Pantry Cabinets Storage Kitchen Cupboard with 4 Doors, 4 Drawers &amp; Microwave Shelf, White<\/li>\n<li>This integrated kitchen hutch has added more practical storage solutions, including open and closed shelves,drawers, kitchenware hanging hooks and microwave tabletop; protect kitchen stuffs from dust. And the cable management allows to use microwaves and other kitchen appliance more easily<\/li>\n<li>Multi-layer design allows messy objects to have their own location. Easily keep the kitchen tidy and delicate. Shelves behind doors are roomy for tableware, dinnerware, glassware or anything else you like<\/li>\n<li>This large storage kitchen storage cabinet is more modern and minimalist, is a useful addition to any living space or storage area. It is perfect for not only kitchen use, also for garages, reception room or any office use, organize your place tidy and orderly<\/li>\n<li>\uf0b7Material:Material is 15mm particle bpard,back board is 3mm MDF.Made of wooden structure with melamine finish for durability and easy maintenance.Aufgrund des Lichts oder der Anzeige kann die Farbe des tats\u00e4chlichen Produkts geringf\u00fcgig vom Bild abweichen.Aus logistischen Gr\u00fcnden kann die Ankunftszeit der beiden Pakete unterschiedlich sein, bitte haben Sie Verst\u00e4ndnis<\/li>\n<\/ul>\n<p>Description<\/p>\n<p> <img decoding=\"async\" src=\"https:\/\/cf.cjdropshipping.com\/f6f61bb3-8b62-4a15-89fa-a99b1aa1e3fa.png\"> <img decoding=\"async\" src=\"https:\/\/cf.cjdropshipping.com\/45b01235-1742-4e96-bea9-a1636a0c1df5.png\"> <img decoding=\"async\" src=\"https:\/\/cf.cjdropshipping.com\/a516ac35-a9bd-4c33-b66c-cc417c88c398.png\"> <img decoding=\"async\" src=\"https:\/\/cf.cjdropshipping.com\/5715653c-98db-4f10-bc05-c89f6fa328f4.png\"> <img decoding=\"async\" src=\"https:\/\/cf.cjdropshipping.com\/ebe34d6f-99af-4387-b477-17c9b462dadc.png\"> <img decoding=\"async\" src=\"https:\/\/cf.cjdropshipping.com\/1ca90b93-a525-4faa-aefd-a29b80c82795.png\"> <img decoding=\"async\" src=\"https:\/\/cf.cjdropshipping.com\/afd39f8a-6182-4e48-977c-baffbc7b63f2.png\"> <img decoding=\"async\" src=\"https:\/\/cf.cjdropshipping.com\/620a9fe3-d3d4-4a08-a659-cc9cfc2cccc0.png\"> <img decoding=\"async\" src=\"https:\/\/cf.cjdropshipping.com\/5fd6c3e1-89f5-49fa-9122-695fef94a632.png\"> <img decoding=\"async\" src=\"https:\/\/cf.cjdropshipping.com\/fdc3c0fe-13f3-4130-9ece-ab72c8081426.png\"> <img decoding=\"async\" src=\"https:\/\/cf.cjdropshipping.com\/95de847b-078f-4e35-853b-7247e90bb5ae.png\"> <img decoding=\"async\" src=\"https:\/\/cf.cjdropshipping.com\/3969ca00-62fa-44bd-8e17-6aac941694ad.png\"> <img decoding=\"async\" src=\"https:\/\/cf.cjdropshipping.com\/1d55c175-b00e-49db-94bd-7e9e7d219933.png\"> <img decoding=\"async\" src=\"https:\/\/cf.cjdropshipping.com\/d88a2543-3300-4713-8e7b-d614971a608b.png\"> <img decoding=\"async\" src=\"https:\/\/cf.cjdropshipping.com\/4ecbdebb-d6c3-4d3b-a8e6-5e1bfca9b904.png\"> <\/p>\n","protected":false},"excerpt":{"rendered":"<p>Specification Product Information Item Code:W1778S00014 Product Type:Combo Item Product Name:63&#8243; W Large Kitchen Hutch Cabinet, Freestanding Pantry Cabinets Storage Kitchen Cupboard with 4 Doors, 4 Drawers &amp; Microwave Shelf, White Main Color:White Main Material:Particle Board+MDF Product Dimensions Assembled Length (in.):62.99 Assembled Width (in.):15.75 Assembled Height (in.):74.80 Weight (lbs.):178.57 Package Size Sub-item 1: W1778140557Package Quantity: 145.67 &hellip;<\/p>\n<p class=\"read-more\"> <a class=\" thunk-readmore button \" href=\"https:\/\/starsvarieties.com\/jv\/product\/63w-large-kitchen-hutch-cabinet-freestanding-pantry-cabinets-storage-kitchen-cupboard-with-4-doors-4-drawers-microwave-shelf-white\/\"> <span class=\"screen-reader-text\">63W Large Kitchen Hutch Cabinet, Freestanding Pantry Cabinets Storage Kitchen Cupboard With 4 Doors, 4 Drawers &amp; Microwave Shelf, White<\/span>Read More<\/a><\/p>\n","protected":false},"featured_media":10415,"comment_status":"open","ping_status":"closed","template":"","meta":{"advanced_seo_description":"","jetpack_seo_html_title":"","jetpack_seo_noindex":false,"jetpack_post_was_ever_published":false,"jetpack_publicize_message":"","jetpack_publicize_feature_enabled":true,"jetpack_social_post_already_shared":true,"jetpack_social_options":{"image_generator_settings":{"template":"highway","default_image_id":0,"font":"","enabled":false},"version":2}},"product_brand":[],"product_cat":[88],"product_tag":[],"class_list":{"0":"post-10425","1":"product","2":"type-product","3":"status-publish","4":"has-post-thumbnail","6":"product_cat-home-furniture","7":"thunk-woo-product-list","8":"opn-qv-enable","9":"top-store-woo-hover-zoom","10":"top-store-single-product-tab-horizontal","11":"top-store-shadow-","12":"top-store-shadow-hover-","14":"first","15":"instock","16":"taxable","17":"shipping-taxable","18":"purchasable","19":"product-type-variable"},"jetpack_publicize_connections":[],"jetpack_sharing_enabled":true,"jetpack_likes_enabled":true,"_links":{"self":[{"href":"https:\/\/starsvarieties.com\/jv\/wp-json\/wp\/v2\/product\/10425","targetHints":{"allow":["GET"]}}],"collection":[{"href":"https:\/\/starsvarieties.com\/jv\/wp-json\/wp\/v2\/product"}],"about":[{"href":"https:\/\/starsvarieties.com\/jv\/wp-json\/wp\/v2\/types\/product"}],"replies":[{"embeddable":true,"href":"https:\/\/starsvarieties.com\/jv\/wp-json\/wp\/v2\/comments?post=10425"}],"wp:featuredmedia":[{"embeddable":true,"href":"https:\/\/starsvarieties.com\/jv\/wp-json\/wp\/v2\/media\/10415"}],"wp:attachment":[{"href":"https:\/\/starsvarieties.com\/jv\/wp-json\/wp\/v2\/media?parent=10425"}],"wp:term":[{"taxonomy":"product_brand","embeddable":true,"href":"https:\/\/starsvarieties.com\/jv\/wp-json\/wp\/v2\/product_brand?post=10425"},{"taxonomy":"product_cat","embeddable":true,"href":"https:\/\/starsvarieties.com\/jv\/wp-json\/wp\/v2\/product_cat?post=10425"},{"taxonomy":"product_tag","embeddable":true,"href":"https:\/\/starsvarieties.com\/jv\/wp-json\/wp\/v2\/product_tag?post=10425"}],"curies":[{"name":"wp","href":"https:\/\/api.w.org\/{rel}","templated":true}]}}